{"id":84,"date":"2025-02-18T16:57:31","date_gmt":"2025-02-18T15:57:31","guid":{"rendered":"https:\/\/star-music-school.fr\/?page_id=84"},"modified":"2025-08-18T15:53:44","modified_gmt":"2025-08-18T13:53:44","slug":"cours-de-piano-a-cannes","status":"publish","type":"page","link":"https:\/\/star-music-school.fr\/en\/cours-de-piano-a-cannes\/","title":{"rendered":"Cours de piano \u00e0 Cannes"},"content":{"rendered":"<div data-elementor-type=\"wp-page\" data-elementor-id=\"84\" class=\"elementor elementor-84\">\n\t\t\t\t\t\t<section class=\"elementor-section elementor-top-section elementor-element elementor-element-40f7deb4 elementor-section-boxed elementor-section-height-default elementor-section-height-default\" data-id=\"40f7deb4\" data-element_type=\"section\" data-settings=\"{&quot;background_background&quot;:&quot;classic&quot;}\">\n\t\t\t\t\t\t\t<div class=\"elementor-background-overlay\"><\/div>\n\t\t\t\t\t\t\t<div class=\"elementor-container elementor-column-gap-default\">\n\t\t\t\t\t<div class=\"elementor-column elementor-col-100 elementor-top-column elementor-element elementor-element-3da76f2c\" data-id=\"3da76f2c\" data-element_type=\"column\">\n\t\t\t<div class=\"elementor-widget-wrap elementor-element-populated\">\n\t\t\t\t\t\t<div class=\"elementor-element elementor-element-250644ed elementor-widget elementor-widget-heading\" data-id=\"250644ed\" data-element_type=\"widget\" data-widget_type=\"heading.default\">\n\t\t\t\t<div class=\"elementor-widget-container\">\n\t\t\t\t\t<h2 class=\"elementor-heading-title elementor-size-default\">Cours de piano \u00e0 Cannes<\/h2>\t\t\t\t<\/div>\n\t\t\t\t<\/div>\n\t\t\t\t<div class=\"elementor-element elementor-element-13c6c539 elementor-widget elementor-widget-text-editor\" data-id=\"13c6c539\" data-element_type=\"widget\" data-widget_type=\"text-editor.default\">\n\t\t\t\t<div class=\"elementor-widget-container\">\n\t\t\t\t\t\t\t\t\t<p>D\u00e9couvrez nos cours de piano personnalis\u00e9s \u00e0 Cannes, adapt\u00e9s \u00e0 tous les niveaux. Que vous soyez d\u00e9butant ou pianiste confirm\u00e9, nos professeurs passionn\u00e9s vous accompagneront pour d\u00e9velopper votre technique et votre expression musicale.<\/p>\t\t\t\t\t\t\t\t<\/div>\n\t\t\t\t<\/div>\n\t\t\t\t\t<\/div>\n\t\t<\/div>\n\t\t\t\t\t<\/div>\n\t\t<\/section>\n\t\t\t\t<section class=\"elementor-section elementor-top-section elementor-element elementor-element-6f687cc7 elementor-section-boxed elementor-section-height-default elementor-section-height-default\" data-id=\"6f687cc7\" data-element_type=\"section\">\n\t\t\t\t\t\t<div class=\"elementor-container elementor-column-gap-default\">\n\t\t\t\t\t<div class=\"elementor-column elementor-col-50 elementor-top-column elementor-element elementor-element-358020c\" data-id=\"358020c\" data-element_type=\"column\">\n\t\t\t<div class=\"elementor-widget-wrap elementor-element-populated\">\n\t\t\t\t\t\t<div class=\"elementor-element elementor-element-758512f5 elementor-widget elementor-widget-heading\" data-id=\"758512f5\" data-element_type=\"widget\" data-widget_type=\"heading.default\">\n\t\t\t\t<div class=\"elementor-widget-container\">\n\t\t\t\t\t<h2 class=\"elementor-heading-title elementor-size-default\">Contenu des cours de piano<\/h2>\t\t\t\t<\/div>\n\t\t\t\t<\/div>\n\t\t\t\t<div class=\"elementor-element elementor-element-76822a12 elementor-widget elementor-widget-text-editor\" data-id=\"76822a12\" data-element_type=\"widget\" data-widget_type=\"text-editor.default\">\n\t\t\t\t<div class=\"elementor-widget-container\">\n\t\t\t\t\t\t\t\t\t<ul><li>Cours individuels : Un suivi personnalis\u00e9 pour progresser \u00e0 votre rythme.<\/li><li>Ateliers collectifs : Partagez votre passion avec d&rsquo;autres musiciens et enrichissez votre exp\u00e9rience musicale.<\/li><li>Pr\u00e9paration aux auditions : Optimisez vos performances pour r\u00e9ussir vos examens ou concours.<\/li><\/ul>\t\t\t\t\t\t\t\t<\/div>\n\t\t\t\t<\/div>\n\t\t\t\t<div class=\"elementor-element elementor-element-59ac7752 elementor-widget elementor-widget-image\" data-id=\"59ac7752\" data-element_type=\"widget\" data-widget_type=\"image.default\">\n\t\t\t\t<div class=\"elementor-widget-container\">\n\t\t\t\t\t\t\t\t\t\t\t\t\t\t\t<img decoding=\"async\" src=\"https:\/\/star-music-school.fr\/wp-content\/uploads\/elementor\/thumbs\/lecon-chant-cannes-r1qt39x2y9mpj98r86xf1jyig54vzkg6mzav2giq00.png\" title=\"le\u00e7on-chant-cannes\" alt=\"photo d&#039;une prof de piano jouant un instrument de musique noir\" loading=\"lazy\" \/>\t\t\t\t\t\t\t\t\t\t\t\t\t\t\t<\/div>\n\t\t\t\t<\/div>\n\t\t\t\t<div class=\"elementor-element elementor-element-37eae91 elementor-widget elementor-widget-text-editor\" data-id=\"37eae91\" data-element_type=\"widget\" data-widget_type=\"text-editor.default\">\n\t\t\t\t<div class=\"elementor-widget-container\">\n\t\t\t\t\t\t\t\t\t<p>Rejoignez-nous pour lib\u00e9rer votre potentiel musical dans une ambiance conviviale et professionnelle. Que ce soit pour le plaisir ou pour une carri\u00e8re musicale, nos cours s&rsquo;adaptent \u00e0 vos objectifs.<\/p><p>Contactez-nous d\u00e8s aujourd&rsquo;hui pour r\u00e9server votre premi\u00e8re s\u00e9ance et commencez votre aventure\u00a0musicale.<\/p>\t\t\t\t\t\t\t\t<\/div>\n\t\t\t\t<\/div>\n\t\t\t\t\t<\/div>\n\t\t<\/div>\n\t\t\t\t<div class=\"elementor-column elementor-col-50 elementor-top-column elementor-element elementor-element-42a39885\" data-id=\"42a39885\" data-element_type=\"column\">\n\t\t\t<div class=\"elementor-widget-wrap elementor-element-populated\">\n\t\t\t\t\t\t<section class=\"elementor-section elementor-inner-section elementor-element elementor-element-4d9b468b elementor-section-boxed elementor-section-height-default elementor-section-height-default\" data-id=\"4d9b468b\" data-element_type=\"section\" data-settings=\"{&quot;background_background&quot;:&quot;classic&quot;}\">\n\t\t\t\t\t\t<div class=\"elementor-container elementor-column-gap-default\">\n\t\t\t\t\t<div class=\"elementor-column elementor-col-100 elementor-inner-column elementor-element elementor-element-52973820\" data-id=\"52973820\" data-element_type=\"column\">\n\t\t\t<div class=\"elementor-widget-wrap elementor-element-populated\">\n\t\t\t\t\t\t<div class=\"elementor-element elementor-element-6d5efa50 elementor-widget elementor-widget-jkit_heading\" data-id=\"6d5efa50\" data-element_type=\"widget\" data-widget_type=\"jkit_heading.default\">\n\t\t\t\t<div class=\"elementor-widget-container\">\n\t\t\t\t\t<div  class=\"jeg-elementor-kit jkit-heading  align- align-tablet- align-mobile- jeg_module___69dee951ccb4e\" ><div class=\"heading-section-title  display-inline-block\"><span class=\"heading-title\">40 \u20ac<span class=\"style-color\"><span>\/ heure<\/span><\/span><\/span><\/div><\/div>\t\t\t\t<\/div>\n\t\t\t\t<\/div>\n\t\t\t\t<div class=\"elementor-element elementor-element-485168fb elementor-align-justify elementor-widget elementor-widget-button\" data-id=\"485168fb\" data-element_type=\"widget\" data-widget_type=\"button.default\">\n\t\t\t\t<div class=\"elementor-widget-container\">\n\t\t\t\t\t\t\t\t\t<div class=\"elementor-button-wrapper\">\n\t\t\t\t\t<a class=\"elementor-button elementor-button-link elementor-size-md elementor-animation-float\" href=\"#\">\n\t\t\t\t\t\t<span class=\"elementor-button-content-wrapper\">\n\t\t\t\t\t\t\t\t\t<span class=\"elementor-button-text\">R\u00e9server un cours<\/span>\n\t\t\t\t\t<\/span>\n\t\t\t\t\t<\/a>\n\t\t\t\t<\/div>\n\t\t\t\t\t\t\t\t<\/div>\n\t\t\t\t<\/div>\n\t\t\t\t<div class=\"elementor-element elementor-element-1bc097ac elementor-widget elementor-widget-heading\" data-id=\"1bc097ac\" data-element_type=\"widget\" data-widget_type=\"heading.default\">\n\t\t\t\t<div class=\"elementor-widget-container\">\n\t\t\t\t\t<h3 class=\"elementor-heading-title elementor-size-default\">plus d'info<\/h3>\t\t\t\t<\/div>\n\t\t\t\t<\/div>\n\t\t\t\t<div class=\"elementor-element elementor-element-e81ad11 elementor-align-left elementor-icon-list--layout-traditional elementor-list-item-link-full_width elementor-widget elementor-widget-icon-list\" data-id=\"e81ad11\" data-element_type=\"widget\" data-widget_type=\"icon-list.default\">\n\t\t\t\t<div class=\"elementor-widget-container\">\n\t\t\t\t\t\t\t<ul class=\"elementor-icon-list-items\">\n\t\t\t\t\t\t\t<li class=\"elementor-icon-list-item\">\n\t\t\t\t\t\t\t\t\t\t\t<span class=\"elementor-icon-list-icon\">\n\t\t\t\t\t\t\t<svg aria-hidden=\"true\" class=\"e-font-icon-svg e-fas-clock\" viewbox=\"0 0 512 512\" xmlns=\"http:\/\/www.w3.org\/2000\/svg\"><path d=\"M256,8C119,8,8,119,8,256S119,504,256,504,504,393,504,256,393,8,256,8Zm92.49,313h0l-20,25a16,16,0,0,1-22.49,2.5h0l-67-49.72a40,40,0,0,1-15-31.23V112a16,16,0,0,1,16-16h32a16,16,0,0,1,16,16V256l58,42.5A16,16,0,0,1,348.49,321Z\"><\/path><\/svg>\t\t\t\t\t\t<\/span>\n\t\t\t\t\t\t\t\t\t\t<span class=\"elementor-icon-list-text\">9h00 \u00e0 21h00<\/span>\n\t\t\t\t\t\t\t\t\t<\/li>\n\t\t\t\t\t\t\t\t<li class=\"elementor-icon-list-item\">\n\t\t\t\t\t\t\t\t\t\t\t<span class=\"elementor-icon-list-icon\">\n\t\t\t\t\t\t\t<svg aria-hidden=\"true\" class=\"e-font-icon-svg e-fas-calendar-alt\" viewbox=\"0 0 448 512\" xmlns=\"http:\/\/www.w3.org\/2000\/svg\"><path d=\"M0 464c0 26.5 21.5 48 48 48h352c26.5 0 48-21.5 48-48V192H0v272zm320-196c0-6.6 5.4-12 12-12h40c6.6 0 12 5.4 12 12v40c0 6.6-5.4 12-12 12h-40c-6.6 0-12-5.4-12-12v-40zm0 128c0-6.6 5.4-12 12-12h40c6.6 0 12 5.4 12 12v40c0 6.6-5.4 12-12 12h-40c-6.6 0-12-5.4-12-12v-40zM192 268c0-6.6 5.4-12 12-12h40c6.6 0 12 5.4 12 12v40c0 6.6-5.4 12-12 12h-40c-6.6 0-12-5.4-12-12v-40zm0 128c0-6.6 5.4-12 12-12h40c6.6 0 12 5.4 12 12v40c0 6.6-5.4 12-12 12h-40c-6.6 0-12-5.4-12-12v-40zM64 268c0-6.6 5.4-12 12-12h40c6.6 0 12 5.4 12 12v40c0 6.6-5.4 12-12 12H76c-6.6 0-12-5.4-12-12v-40zm0 128c0-6.6 5.4-12 12-12h40c6.6 0 12 5.4 12 12v40c0 6.6-5.4 12-12 12H76c-6.6 0-12-5.4-12-12v-40zM400 64h-48V16c0-8.8-7.2-16-16-16h-32c-8.8 0-16 7.2-16 16v48H160V16c0-8.8-7.2-16-16-16h-32c-8.8 0-16 7.2-16 16v48H48C21.5 64 0 85.5 0 112v48h448v-48c0-26.5-21.5-48-48-48z\"><\/path><\/svg>\t\t\t\t\t\t<\/span>\n\t\t\t\t\t\t\t\t\t\t<span class=\"elementor-icon-list-text\">7j\/7<\/span>\n\t\t\t\t\t\t\t\t\t<\/li>\n\t\t\t\t\t\t\t\t<li class=\"elementor-icon-list-item\">\n\t\t\t\t\t\t\t\t\t\t\t<span class=\"elementor-icon-list-icon\">\n\t\t\t\t\t\t\t<svg aria-hidden=\"true\" class=\"e-font-icon-svg e-fas-map-marker-alt\" viewbox=\"0 0 384 512\" xmlns=\"http:\/\/www.w3.org\/2000\/svg\"><path d=\"M172.268 501.67C26.97 291.031 0 269.413 0 192 0 85.961 85.961 0 192 0s192 85.961 192 192c0 77.413-26.97 99.031-172.268 309.67-9.535 13.774-29.93 13.773-39.464 0zM192 272c44.183 0 80-35.817 80-80s-35.817-80-80-80-80 35.817-80 80 35.817 80 80 80z\"><\/path><\/svg>\t\t\t\t\t\t<\/span>\n\t\t\t\t\t\t\t\t\t\t<span class=\"elementor-icon-list-text\">39 Rue L\u00e9on No\u00ebl, 06400 Cannes<\/span>\n\t\t\t\t\t\t\t\t\t<\/li>\n\t\t\t\t\t\t<\/ul>\n\t\t\t\t\t\t<\/div>\n\t\t\t\t<\/div>\n\t\t\t\t\t<\/div>\n\t\t<\/div>\n\t\t\t\t\t<\/div>\n\t\t<\/section>\n\t\t\t\t<section class=\"elementor-section elementor-inner-section elementor-element elementor-element-19665bfa elementor-section-boxed elementor-section-height-default elementor-section-height-default\" data-id=\"19665bfa\" data-element_type=\"section\" data-settings=\"{&quot;background_background&quot;:&quot;classic&quot;}\">\n\t\t\t\t\t\t\t<div class=\"elementor-background-overlay\"><\/div>\n\t\t\t\t\t\t\t<div class=\"elementor-container elementor-column-gap-no\">\n\t\t\t\t\t<div class=\"elementor-column elementor-col-100 elementor-inner-column elementor-element elementor-element-65faa5bc\" data-id=\"65faa5bc\" data-element_type=\"column\">\n\t\t\t<div class=\"elementor-widget-wrap elementor-element-populated\">\n\t\t\t\t\t\t<div class=\"elementor-element elementor-element-52563cd5 elementor-widget elementor-widget-heading\" data-id=\"52563cd5\" data-element_type=\"widget\" data-widget_type=\"heading.default\">\n\t\t\t\t<div class=\"elementor-widget-container\">\n\t\t\t\t\t<h3 class=\"elementor-heading-title elementor-size-default\">Des questions ?<\/h3>\t\t\t\t<\/div>\n\t\t\t\t<\/div>\n\t\t\t\t<div class=\"elementor-element elementor-element-10cb7967 elementor-widget elementor-widget-text-editor\" data-id=\"10cb7967\" data-element_type=\"widget\" data-widget_type=\"text-editor.default\">\n\t\t\t\t<div class=\"elementor-widget-container\">\n\t\t\t\t\t\t\t\t\t<p>N&rsquo;h\u00e9sitez pas \u00e0 nous contacter.<\/p>\t\t\t\t\t\t\t\t<\/div>\n\t\t\t\t<\/div>\n\t\t\t\t<div class=\"elementor-element elementor-element-18f0d479 elementor-icon-list--layout-traditional elementor-list-item-link-full_width elementor-widget elementor-widget-icon-list\" data-id=\"18f0d479\" data-element_type=\"widget\" data-widget_type=\"icon-list.default\">\n\t\t\t\t<div class=\"elementor-widget-container\">\n\t\t\t\t\t\t\t<ul class=\"elementor-icon-list-items\">\n\t\t\t\t\t\t\t<li class=\"elementor-icon-list-item\">\n\t\t\t\t\t\t\t\t\t\t\t<span class=\"elementor-icon-list-icon\">\n\t\t\t\t\t\t\t<svg aria-hidden=\"true\" class=\"e-font-icon-svg e-fas-phone-alt\" viewbox=\"0 0 512 512\" xmlns=\"http:\/\/www.w3.org\/2000\/svg\"><path d=\"M497.39 361.8l-112-48a24 24 0 0 0-28 6.9l-49.6 60.6A370.66 370.66 0 0 1 130.6 204.11l60.6-49.6a23.94 23.94 0 0 0 6.9-28l-48-112A24.16 24.16 0 0 0 122.6.61l-104 24A24 24 0 0 0 0 48c0 256.5 207.9 464 464 464a24 24 0 0 0 23.4-18.6l24-104a24.29 24.29 0 0 0-14.01-27.6z\"><\/path><\/svg>\t\t\t\t\t\t<\/span>\n\t\t\t\t\t\t\t\t\t\t<span class=\"elementor-icon-list-text\">(+33) 6 03 78 45 25<\/span>\n\t\t\t\t\t\t\t\t\t<\/li>\n\t\t\t\t\t\t<\/ul>\n\t\t\t\t\t\t<\/div>\n\t\t\t\t<\/div>\n\t\t\t\t\t<\/div>\n\t\t<\/div>\n\t\t\t\t\t<\/div>\n\t\t<\/section>\n\t\t\t\t\t<\/div>\n\t\t<\/div>\n\t\t\t\t\t<\/div>\n\t\t<\/section>\n\t\t\t\t<\/div>","protected":false},"excerpt":{"rendered":"<p>Cours de piano \u00e0 Cannes D\u00e9couvrez nos cours de piano personnalis\u00e9s \u00e0 Cannes, adapt\u00e9s \u00e0 tous les niveaux. Que vous soyez d\u00e9butant ou pianiste confirm\u00e9, nos professeurs passionn\u00e9s vous accompagneront pour d\u00e9velopper votre technique et votre expression musicale. Contenu des cours de piano Cours individuels : Un suivi personnalis\u00e9 pour progresser \u00e0 votre rythme. Ateliers [&hellip;]<\/p>","protected":false},"author":1,"featured_media":0,"parent":0,"menu_order":0,"comment_status":"closed","ping_status":"closed","template":"elementor_header_footer","meta":{"footnotes":""},"class_list":["post-84","page","type-page","status-publish","hentry"],"yoast_head":"<!-- This site is optimized with the Yoast SEO plugin v24.4 - https:\/\/yoast.com\/wordpress\/plugins\/seo\/ -->\n<title>Cours de piano \u00e0 Cannes - Star Music School<\/title>\n<meta name=\"robots\" content=\"index, follow, max-snippet:-1, max-image-preview:large, max-video-preview:-1\" \/>\n<link rel=\"canonical\" href=\"https:\/\/star-music-school.fr\/en\/cours-de-piano-a-cannes\/\" \/>\n<meta property=\"og:locale\" content=\"en_GB\" \/>\n<meta property=\"og:type\" content=\"article\" \/>\n<meta property=\"og:title\" content=\"Cours de piano \u00e0 Cannes - Star Music School\" \/>\n<meta property=\"og:description\" content=\"Cours de piano \u00e0 Cannes D\u00e9couvrez nos cours de piano personnalis\u00e9s \u00e0 Cannes, adapt\u00e9s \u00e0 tous les niveaux. Que vous soyez d\u00e9butant ou pianiste confirm\u00e9, nos professeurs passionn\u00e9s vous accompagneront pour d\u00e9velopper votre technique et votre expression musicale. Contenu des cours de piano Cours individuels : Un suivi personnalis\u00e9 pour progresser \u00e0 votre rythme. Ateliers [&hellip;]\" \/>\n<meta property=\"og:url\" content=\"https:\/\/star-music-school.fr\/en\/cours-de-piano-a-cannes\/\" \/>\n<meta property=\"og:site_name\" content=\"Star Music School\" \/>\n<meta property=\"article:modified_time\" content=\"2025-08-18T13:53:44+00:00\" \/>\n<meta property=\"og:image\" content=\"https:\/\/star-music-school.fr\/wp-content\/uploads\/elementor\/thumbs\/lecon-chant-cannes-r1qt39x2y9mpj98r86xf1jyig54vzkg6mzav2giq00.png\" \/>\n<meta name=\"twitter:card\" content=\"summary_large_image\" \/>\n<meta name=\"twitter:label1\" content=\"Estimated reading time\" \/>\n\t<meta name=\"twitter:data1\" content=\"9 minutes\" \/>\n<script type=\"application\/ld+json\" class=\"yoast-schema-graph\">{\"@context\":\"https:\/\/schema.org\",\"@graph\":[{\"@type\":\"WebPage\",\"@id\":\"https:\/\/star-music-school.fr\/cours-de-piano-a-cannes\/\",\"url\":\"https:\/\/star-music-school.fr\/cours-de-piano-a-cannes\/\",\"name\":\"Cours de piano \u00e0 Cannes - Star Music School\",\"isPartOf\":{\"@id\":\"https:\/\/star-music-school.fr\/#website\"},\"primaryImageOfPage\":{\"@id\":\"https:\/\/star-music-school.fr\/cours-de-piano-a-cannes\/#primaryimage\"},\"image\":{\"@id\":\"https:\/\/star-music-school.fr\/cours-de-piano-a-cannes\/#primaryimage\"},\"thumbnailUrl\":\"https:\/\/star-music-school.fr\/wp-content\/uploads\/elementor\/thumbs\/lecon-chant-cannes-r1qt39x2y9mpj98r86xf1jyig54vzkg6mzav2giq00.png\",\"datePublished\":\"2025-02-18T15:57:31+00:00\",\"dateModified\":\"2025-08-18T13:53:44+00:00\",\"breadcrumb\":{\"@id\":\"https:\/\/star-music-school.fr\/cours-de-piano-a-cannes\/#breadcrumb\"},\"inLanguage\":\"en-GB\",\"potentialAction\":[{\"@type\":\"ReadAction\",\"target\":[\"https:\/\/star-music-school.fr\/cours-de-piano-a-cannes\/\"]}]},{\"@type\":\"ImageObject\",\"inLanguage\":\"en-GB\",\"@id\":\"https:\/\/star-music-school.fr\/cours-de-piano-a-cannes\/#primaryimage\",\"url\":\"https:\/\/star-music-school.fr\/wp-content\/uploads\/elementor\/thumbs\/lecon-chant-cannes-r1qt39x2y9mpj98r86xf1jyig54vzkg6mzav2giq00.png\",\"contentUrl\":\"https:\/\/star-music-school.fr\/wp-content\/uploads\/elementor\/thumbs\/lecon-chant-cannes-r1qt39x2y9mpj98r86xf1jyig54vzkg6mzav2giq00.png\"},{\"@type\":\"BreadcrumbList\",\"@id\":\"https:\/\/star-music-school.fr\/cours-de-piano-a-cannes\/#breadcrumb\",\"itemListElement\":[{\"@type\":\"ListItem\",\"position\":1,\"name\":\"Accueil\",\"item\":\"https:\/\/star-music-school.fr\/fr\/\"},{\"@type\":\"ListItem\",\"position\":2,\"name\":\"Cours de piano \u00e0 Cannes\"}]},{\"@type\":\"WebSite\",\"@id\":\"https:\/\/star-music-school.fr\/#website\",\"url\":\"https:\/\/star-music-school.fr\/\",\"name\":\"Star Music School\",\"description\":\"Star Music School propose des cours particulier de piano et de chant.\",\"publisher\":{\"@id\":\"https:\/\/star-music-school.fr\/#organization\"},\"potentialAction\":[{\"@type\":\"SearchAction\",\"target\":{\"@type\":\"EntryPoint\",\"urlTemplate\":\"https:\/\/star-music-school.fr\/?s={search_term_string}\"},\"query-input\":{\"@type\":\"PropertyValueSpecification\",\"valueRequired\":true,\"valueName\":\"search_term_string\"}}],\"inLanguage\":\"en-GB\"},{\"@type\":\"Organization\",\"@id\":\"https:\/\/star-music-school.fr\/#organization\",\"name\":\"Star Music School\",\"url\":\"https:\/\/star-music-school.fr\/\",\"logo\":{\"@type\":\"ImageObject\",\"inLanguage\":\"en-GB\",\"@id\":\"https:\/\/star-music-school.fr\/#\/schema\/logo\/image\/\",\"url\":\"https:\/\/star-music-school.fr\/wp-content\/uploads\/2025\/02\/cropped-cropped-concert-prive-cannes.png\",\"contentUrl\":\"https:\/\/star-music-school.fr\/wp-content\/uploads\/2025\/02\/cropped-cropped-concert-prive-cannes.png\",\"width\":512,\"height\":512,\"caption\":\"Star Music School\"},\"image\":{\"@id\":\"https:\/\/star-music-school.fr\/#\/schema\/logo\/image\/\"}}]}<\/script>\n<!-- \/ Yoast SEO plugin. -->","yoast_head_json":{"title":"Cours de piano \u00e0 Cannes - Star Music School","robots":{"index":"index","follow":"follow","max-snippet":"max-snippet:-1","max-image-preview":"max-image-preview:large","max-video-preview":"max-video-preview:-1"},"canonical":"https:\/\/star-music-school.fr\/en\/cours-de-piano-a-cannes\/","og_locale":"en_GB","og_type":"article","og_title":"Cours de piano \u00e0 Cannes - Star Music School","og_description":"Cours de piano \u00e0 Cannes D\u00e9couvrez nos cours de piano personnalis\u00e9s \u00e0 Cannes, adapt\u00e9s \u00e0 tous les niveaux. Que vous soyez d\u00e9butant ou pianiste confirm\u00e9, nos professeurs passionn\u00e9s vous accompagneront pour d\u00e9velopper votre technique et votre expression musicale. Contenu des cours de piano Cours individuels : Un suivi personnalis\u00e9 pour progresser \u00e0 votre rythme. Ateliers [&hellip;]","og_url":"https:\/\/star-music-school.fr\/en\/cours-de-piano-a-cannes\/","og_site_name":"Star Music School","article_modified_time":"2025-08-18T13:53:44+00:00","og_image":[{"url":"https:\/\/star-music-school.fr\/wp-content\/uploads\/elementor\/thumbs\/lecon-chant-cannes-r1qt39x2y9mpj98r86xf1jyig54vzkg6mzav2giq00.png","type":"","width":"","height":""}],"twitter_card":"summary_large_image","twitter_misc":{"Estimated reading time":"9 minutes"},"schema":{"@context":"https:\/\/schema.org","@graph":[{"@type":"WebPage","@id":"https:\/\/star-music-school.fr\/cours-de-piano-a-cannes\/","url":"https:\/\/star-music-school.fr\/cours-de-piano-a-cannes\/","name":"Cours de piano \u00e0 Cannes - Star Music School","isPartOf":{"@id":"https:\/\/star-music-school.fr\/#website"},"primaryImageOfPage":{"@id":"https:\/\/star-music-school.fr\/cours-de-piano-a-cannes\/#primaryimage"},"image":{"@id":"https:\/\/star-music-school.fr\/cours-de-piano-a-cannes\/#primaryimage"},"thumbnailUrl":"https:\/\/star-music-school.fr\/wp-content\/uploads\/elementor\/thumbs\/lecon-chant-cannes-r1qt39x2y9mpj98r86xf1jyig54vzkg6mzav2giq00.png","datePublished":"2025-02-18T15:57:31+00:00","dateModified":"2025-08-18T13:53:44+00:00","breadcrumb":{"@id":"https:\/\/star-music-school.fr\/cours-de-piano-a-cannes\/#breadcrumb"},"inLanguage":"en-GB","potentialAction":[{"@type":"ReadAction","target":["https:\/\/star-music-school.fr\/cours-de-piano-a-cannes\/"]}]},{"@type":"ImageObject","inLanguage":"en-GB","@id":"https:\/\/star-music-school.fr\/cours-de-piano-a-cannes\/#primaryimage","url":"https:\/\/star-music-school.fr\/wp-content\/uploads\/elementor\/thumbs\/lecon-chant-cannes-r1qt39x2y9mpj98r86xf1jyig54vzkg6mzav2giq00.png","contentUrl":"https:\/\/star-music-school.fr\/wp-content\/uploads\/elementor\/thumbs\/lecon-chant-cannes-r1qt39x2y9mpj98r86xf1jyig54vzkg6mzav2giq00.png"},{"@type":"BreadcrumbList","@id":"https:\/\/star-music-school.fr\/cours-de-piano-a-cannes\/#breadcrumb","itemListElement":[{"@type":"ListItem","position":1,"name":"Accueil","item":"https:\/\/star-music-school.fr\/fr\/"},{"@type":"ListItem","position":2,"name":"Cours de piano \u00e0 Cannes"}]},{"@type":"WebSite","@id":"https:\/\/star-music-school.fr\/#website","url":"https:\/\/star-music-school.fr\/","name":"Star Music School","description":"Star Music School propose des cours particulier de piano et de chant.","publisher":{"@id":"https:\/\/star-music-school.fr\/#organization"},"potentialAction":[{"@type":"SearchAction","target":{"@type":"EntryPoint","urlTemplate":"https:\/\/star-music-school.fr\/?s={search_term_string}"},"query-input":{"@type":"PropertyValueSpecification","valueRequired":true,"valueName":"search_term_string"}}],"inLanguage":"en-GB"},{"@type":"Organization","@id":"https:\/\/star-music-school.fr\/#organization","name":"Star Music School","url":"https:\/\/star-music-school.fr\/","logo":{"@type":"ImageObject","inLanguage":"en-GB","@id":"https:\/\/star-music-school.fr\/#\/schema\/logo\/image\/","url":"https:\/\/star-music-school.fr\/wp-content\/uploads\/2025\/02\/cropped-cropped-concert-prive-cannes.png","contentUrl":"https:\/\/star-music-school.fr\/wp-content\/uploads\/2025\/02\/cropped-cropped-concert-prive-cannes.png","width":512,"height":512,"caption":"Star Music School"},"image":{"@id":"https:\/\/star-music-school.fr\/#\/schema\/logo\/image\/"}}]}},"_links":{"self":[{"href":"https:\/\/star-music-school.fr\/en\/wp-json\/wp\/v2\/pages\/84","targetHints":{"allow":["GET"]}}],"collection":[{"href":"https:\/\/star-music-school.fr\/en\/wp-json\/wp\/v2\/pages"}],"about":[{"href":"https:\/\/star-music-school.fr\/en\/wp-json\/wp\/v2\/types\/page"}],"author":[{"embeddable":true,"href":"https:\/\/star-music-school.fr\/en\/wp-json\/wp\/v2\/users\/1"}],"replies":[{"embeddable":true,"href":"https:\/\/star-music-school.fr\/en\/wp-json\/wp\/v2\/comments?post=84"}],"version-history":[{"count":10,"href":"https:\/\/star-music-school.fr\/en\/wp-json\/wp\/v2\/pages\/84\/revisions"}],"predecessor-version":[{"id":211,"href":"https:\/\/star-music-school.fr\/en\/wp-json\/wp\/v2\/pages\/84\/revisions\/211"}],"wp:attachment":[{"href":"https:\/\/star-music-school.fr\/en\/wp-json\/wp\/v2\/media?parent=84"}],"curies":[{"name":"wp","href":"https:\/\/api.w.org\/{rel}","templated":true}]}}